{"id":39,"date":"2024-01-28T06:37:55","date_gmt":"2024-01-28T06:37:55","guid":{"rendered":"https:\/\/themexriver.com\/wp\/gtbus\/?page_id=39"},"modified":"2024-04-27T16:52:30","modified_gmt":"2024-04-27T13:52:30","slug":"blog","status":"publish","type":"page","link":"https:\/\/cescoglobal.com\/?page_id=39","title":{"rendered":"Blog"},"content":{"rendered":"\t\t<div data-elementor-type=\"wp-page\" data-elementor-id=\"39\" class=\"elementor elementor-39\">\n\t\t\t\t\t\t<section class=\"elementor-section elementor-top-section elementor-element elementor-element-fd0dba4 elementor-section-boxed elementor-section-height-default elementor-section-height-default\" data-id=\"fd0dba4\" data-element_type=\"section\">\n\t\t\t\t\t\t<div class=\"elementor-container elementor-column-gap-default\">\n\t\t\t\t\t<div class=\"elementor-column elementor-col-100 elementor-top-column elementor-element elementor-element-3a3246d\" data-id=\"3a3246d\" data-element_type=\"column\">\n\t\t\t<div class=\"elementor-widget-wrap elementor-element-populated\">\n\t\t\t\t\t\t<section class=\"elementor-section elementor-inner-section elementor-element elementor-element-78d3739 elementor-section-boxed elementor-section-height-default elementor-section-height-default\" data-id=\"78d3739\" data-element_type=\"section\">\n\t\t\t\t\t\t<div class=\"elementor-container elementor-column-gap-default\">\n\t\t\t\t\t<div class=\"elementor-column elementor-col-100 elementor-inner-column elementor-element elementor-element-14b4425\" data-id=\"14b4425\" data-element_type=\"column\">\n\t\t\t<div class=\"elementor-widget-wrap elementor-element-populated\">\n\t\t\t\t\t\t<div class=\"elementor-element elementor-element-670ab61 elementor-widget elementor-widget-gtbus-post-grid\" data-id=\"670ab61\" data-element_type=\"widget\" data-widget_type=\"gtbus-post-grid.default\">\n\t\t\t\t<div class=\"elementor-widget-container\">\n\t\t\t<div class=\"row\">\n\n        <div class=\"col-lg-6\">\n        <div class=\"gtb-blog-1-item\">\n            <div class=\"main-img img-cover\">\n                <img fetchpriority=\"high\" decoding=\"async\" width=\"1500\" height=\"1001\" src=\"https:\/\/cescoglobal.com\/wp-content\/uploads\/2024\/01\/cesco-23g.jpg\" class=\"attachment-full size-full wp-post-image\" alt=\"\" srcset=\"https:\/\/cescoglobal.com\/wp-content\/uploads\/2024\/01\/cesco-23g.jpg 1500w, https:\/\/cescoglobal.com\/wp-content\/uploads\/2024\/01\/cesco-23g-300x200.jpg 300w, https:\/\/cescoglobal.com\/wp-content\/uploads\/2024\/01\/cesco-23g-1024x683.jpg 1024w, https:\/\/cescoglobal.com\/wp-content\/uploads\/2024\/01\/cesco-23g-768x513.jpg 768w, https:\/\/cescoglobal.com\/wp-content\/uploads\/2024\/01\/cesco-23g-600x400.jpg 600w\" sizes=\"(max-width: 1500px) 100vw, 1500px\" \/>                <span class=\"gtb-heading-1 catagorie\">        <a href=\"https:\/\/cescoglobal.com\/?cat=1\">\n            <span>Genel<\/span> \n        <\/a>\n    <\/span>\n            <\/div>\n            <div class=\"content-wrap\">\n                <span class=\"date gtb-heading-1\"><i class=\"flaticon-calendar-1\"><\/i> 18 April 2026<\/span>\n                <h4 class=\"gtb-heading-1 title\">\n                    <a href=\"https:\/\/cescoglobal.com\/?p=2153\">Seramik Se\u00e7imi Nas\u0131l Yap\u0131lmal\u0131?<\/a>\n                <\/h4>\n            <\/div>\n        <\/div>\n    <\/div>\n        <div class=\"col-lg-6\">\n        <div class=\"gtb-blog-1-item\">\n            <div class=\"main-img img-cover\">\n                <img decoding=\"async\" width=\"1500\" height=\"1001\" src=\"https:\/\/cescoglobal.com\/wp-content\/uploads\/2024\/02\/cesco-global-bloggg122.jpg\" class=\"attachment-full size-full wp-post-image\" alt=\"\" srcset=\"https:\/\/cescoglobal.com\/wp-content\/uploads\/2024\/02\/cesco-global-bloggg122.jpg 1500w, https:\/\/cescoglobal.com\/wp-content\/uploads\/2024\/02\/cesco-global-bloggg122-300x200.jpg 300w, https:\/\/cescoglobal.com\/wp-content\/uploads\/2024\/02\/cesco-global-bloggg122-1024x683.jpg 1024w, https:\/\/cescoglobal.com\/wp-content\/uploads\/2024\/02\/cesco-global-bloggg122-768x513.jpg 768w, https:\/\/cescoglobal.com\/wp-content\/uploads\/2024\/02\/cesco-global-bloggg122-600x400.jpg 600w\" sizes=\"(max-width: 1500px) 100vw, 1500px\" \/>                <span class=\"gtb-heading-1 catagorie\">        <a href=\"https:\/\/cescoglobal.com\/?cat=1\">\n            <span>Genel<\/span> \n        <\/a>\n    <\/span>\n            <\/div>\n            <div class=\"content-wrap\">\n                <span class=\"date gtb-heading-1\"><i class=\"flaticon-calendar-1\"><\/i> 18 April 2026<\/span>\n                <h4 class=\"gtb-heading-1 title\">\n                    <a href=\"https:\/\/cescoglobal.com\/?p=1255\">Banyoya Seramik Se\u00e7erken Nelere Dikkat Edilmeli?<\/a>\n                <\/h4>\n            <\/div>\n        <\/div>\n    <\/div>\n    <\/div>\t\t<\/div>\n\t\t\t\t<\/div>\n\t\t\t\t\t<\/div>\n\t\t<\/div>\n\t\t\t\t\t<\/div>\n\t\t<\/section>\n\t\t\t\t\t<\/div>\n\t\t<\/div>\n\t\t\t\t\t<\/div>\n\t\t<\/section>\n\t\t\t\t<section class=\"elementor-section elementor-top-section elementor-element elementor-element-3f29511 elementor-hidden-desktop elementor-hidden-tablet elementor-hidden-mobile elementor-section-boxed elementor-section-height-default elementor-section-height-default\" data-id=\"3f29511\" data-element_type=\"section\">\n\t\t\t\t\t\t<div class=\"elementor-container elementor-column-gap-default\">\n\t\t\t\t\t<div class=\"elementor-column elementor-col-100 elementor-top-column elementor-element elementor-element-6f56e92\" data-id=\"6f56e92\" data-element_type=\"column\">\n\t\t\t<div class=\"elementor-widget-wrap elementor-element-populated\">\n\t\t\t\t\t\t<div class=\"elementor-element elementor-element-b203bbc elementor-widget elementor-widget-gtbus-s-heading\" data-id=\"b203bbc\" data-element_type=\"widget\" data-widget_type=\"gtbus-s-heading.default\">\n\t\t\t\t<div class=\"elementor-widget-container\">\n\t\t\t<div class=\"gtb-section-title prthalign\">\n        <h5 class=\"gtb-subtitle-1 elementor-gtbus-subtitle\">\n                    <img decoding=\"async\" class=\"icon\" src=\"https:\/\/themexriver.com\/wp\/gtbus\/wp-content\/uploads\/subtitle-icon-1.png\" alt=\"Shape\">\n                sponsored<\/h5>\n            <h2 class=\"elementor-gtbus-heading gtb-title-1 gtb-split-text gtb-title-ani-2\">Sponsor Company<\/h2>    <\/div>\t\t<\/div>\n\t\t\t\t<\/div>\n\t\t\t\t<div class=\"elementor-element elementor-element-28becbe elementor-widget elementor-widget-gtbus-sponsro\" data-id=\"28becbe\" data-element_type=\"widget\" data-widget_type=\"gtbus-sponsro.default\">\n\t\t\t\t<div class=\"elementor-widget-container\">\n\t\t\t<div class=\"gtb-sponsored-1-item\">\n        <div class=\"single-item border-color-1 tilt_scale elementor-repeater-item-caae8a5\">\n        <img decoding=\"async\" src=\"https:\/\/themexriver.com\/wp\/gtbus\/wp-content\/uploads\/s1-logo-1.png\" alt=\"Sponsor\">\n    <\/div>\n        <div class=\"single-item border-color-1 tilt_scale elementor-repeater-item-270c662\">\n        <img decoding=\"async\" src=\"https:\/\/themexriver.com\/wp\/gtbus\/wp-content\/uploads\/s1-logo-2.png\" alt=\"Sponsor\">\n    <\/div>\n        <div class=\"single-item border-color-1 tilt_scale elementor-repeater-item-00309c3\">\n        <img decoding=\"async\" src=\"https:\/\/themexriver.com\/wp\/gtbus\/wp-content\/uploads\/s1-logo-3.png\" alt=\"Sponsor\">\n    <\/div>\n        <div class=\"single-item border-color-1 tilt_scale elementor-repeater-item-8776528\">\n        <img decoding=\"async\" src=\"https:\/\/themexriver.com\/wp\/gtbus\/wp-content\/uploads\/s1-logo-4.png\" alt=\"Sponsor\">\n    <\/div>\n        <div class=\"single-item border-color-1 tilt_scale elementor-repeater-item-1566834\">\n        <img decoding=\"async\" src=\"https:\/\/themexriver.com\/wp\/gtbus\/wp-content\/uploads\/s1-logo-5.png\" alt=\"Sponsor\">\n    <\/div>\n        <div class=\"single-item border-color-1 tilt_scale elementor-repeater-item-8158fbd\">\n        <img decoding=\"async\" src=\"https:\/\/themexriver.com\/wp\/gtbus\/wp-content\/uploads\/s1-logo-6.png\" alt=\"Sponsor\">\n    <\/div>\n        <div class=\"single-item border-color-1 tilt_scale elementor-repeater-item-49c2868\">\n        <img decoding=\"async\" src=\"https:\/\/themexriver.com\/wp\/gtbus\/wp-content\/uploads\/s1-logo-7.png\" alt=\"Sponsor\">\n    <\/div>\n    <\/div>\t\t<\/div>\n\t\t\t\t<\/div>\n\t\t\t\t\t<\/div>\n\t\t<\/div>\n\t\t\t\t\t<\/div>\n\t\t<\/section>\n\t\t<div class=\"elementor-element elementor-element-12fc4a1 e-flex e-con-boxed e-con e-parent\" data-id=\"12fc4a1\" data-element_type=\"container\" data-core-v316-plus=\"true\">\n\t\t\t\t\t<div class=\"e-con-inner\">\n\t\t\t\t<div class=\"elementor-element elementor-element-5802b77 elementor-widget elementor-widget-spacer\" data-id=\"5802b77\" data-element_type=\"widget\" data-widget_type=\"spacer.default\">\n\t\t\t\t<div class=\"elementor-widget-container\">\n\t\t\t<style>\/*! elementor - v3.20.0 - 26-03-2024 *\/\n.elementor-column .elementor-spacer-inner{height:var(--spacer-size)}.e-con{--container-widget-width:100%}.e-con-inner>.elementor-widget-spacer,.e-con>.elementor-widget-spacer{width:var(--container-widget-width,var(--spacer-size));--align-self:var(--container-widget-align-self,initial);--flex-shrink:0}.e-con-inner>.elementor-widget-spacer>.elementor-widget-container,.e-con>.elementor-widget-spacer>.elementor-widget-container{height:100%;width:100%}.e-con-inner>.elementor-widget-spacer>.elementor-widget-container>.elementor-spacer,.e-con>.elementor-widget-spacer>.elementor-widget-container>.elementor-spacer{height:100%}.e-con-inner>.elementor-widget-spacer>.elementor-widget-container>.elementor-spacer>.elementor-spacer-inner,.e-con>.elementor-widget-spacer>.elementor-widget-container>.elementor-spacer>.elementor-spacer-inner{height:var(--container-widget-height,var(--spacer-size))}.e-con-inner>.elementor-widget-spacer.elementor-widget-empty,.e-con>.elementor-widget-spacer.elementor-widget-empty{position:relative;min-height:22px;min-width:22px}.e-con-inner>.elementor-widget-spacer.elementor-widget-empty .elementor-widget-empty-icon,.e-con>.elementor-widget-spacer.elementor-widget-empty .elementor-widget-empty-icon{position:absolute;top:0;bottom:0;left:0;right:0;margin:auto;padding:0;width:22px;height:22px}<\/style>\t\t<div class=\"elementor-spacer\">\n\t\t\t<div class=\"elementor-spacer-inner\"><\/div>\n\t\t<\/div>\n\t\t\t\t<\/div>\n\t\t\t\t<\/div>\n\t\t\t\t\t<\/div>\n\t\t\t\t<\/div>\n\t\t\t\t<\/div>\n\t\t","protected":false},"excerpt":{"rendered":"<p>Genel 26 April 2024 Seramik Se\u00e7imi Nas\u0131l Yap\u0131lmal\u0131? Genel 26 April 2024 Banyoya Seramik Se\u00e7erken Nelere Dikkat Edilmeli? sponsored Sponsor Company<\/p>\n","protected":false},"author":1,"featured_media":0,"parent":0,"menu_order":0,"comment_status":"closed","ping_status":"closed","template":"elementor_header_footer","meta":{"inline_featured_image":false,"footnotes":""},"class_list":["post-39","page","type-page","status-publish","hentry"],"_links":{"self":[{"href":"https:\/\/cescoglobal.com\/index.php?rest_route=\/wp\/v2\/pages\/39","targetHints":{"allow":["GET"]}}],"collection":[{"href":"https:\/\/cescoglobal.com\/index.php?rest_route=\/wp\/v2\/pages"}],"about":[{"href":"https:\/\/cescoglobal.com\/index.php?rest_route=\/wp\/v2\/types\/page"}],"author":[{"embeddable":true,"href":"https:\/\/cescoglobal.com\/index.php?rest_route=\/wp\/v2\/users\/1"}],"replies":[{"embeddable":true,"href":"https:\/\/cescoglobal.com\/index.php?rest_route=%2Fwp%2Fv2%2Fcomments&post=39"}],"version-history":[{"count":8,"href":"https:\/\/cescoglobal.com\/index.php?rest_route=\/wp\/v2\/pages\/39\/revisions"}],"predecessor-version":[{"id":2381,"href":"https:\/\/cescoglobal.com\/index.php?rest_route=\/wp\/v2\/pages\/39\/revisions\/2381"}],"wp:attachment":[{"href":"https:\/\/cescoglobal.com\/index.php?rest_route=%2Fwp%2Fv2%2Fmedia&parent=39"}],"curies":[{"name":"wp","href":"https:\/\/api.w.org\/{rel}","templated":true}]}}