{"id":2672,"date":"2024-05-03T23:52:23","date_gmt":"2024-05-03T20:52:23","guid":{"rendered":"https:\/\/cescoglobal.com\/?post_type=product&#038;p=2672"},"modified":"2024-05-03T23:52:24","modified_gmt":"2024-05-03T20:52:24","slug":"kalip-alti-iskele-sistemi","status":"publish","type":"product","link":"https:\/\/cescoglobal.com\/?product=kalip-alti-iskele-sistemi","title":{"rendered":"Kal\u0131p Alt\u0131 \u0130skele Sistemi"},"content":{"rendered":"","protected":false},"excerpt":{"rendered":"","protected":false},"featured_media":2673,"comment_status":"closed","ping_status":"closed","template":"","meta":{"inline_featured_image":false},"product_cat":[39],"product_tag":[],"class_list":{"0":"post-2672","1":"product","2":"type-product","3":"status-publish","4":"has-post-thumbnail","6":"product_cat-kalip-alti-iskele-sistemi","8":"first","9":"instock","10":"shipping-taxable","11":"product-type-simple"},"_links":{"self":[{"href":"https:\/\/cescoglobal.com\/index.php?rest_route=\/wp\/v2\/product\/2672","targetHints":{"allow":["GET"]}}],"collection":[{"href":"https:\/\/cescoglobal.com\/index.php?rest_route=\/wp\/v2\/product"}],"about":[{"href":"https:\/\/cescoglobal.com\/index.php?rest_route=\/wp\/v2\/types\/product"}],"replies":[{"embeddable":true,"href":"https:\/\/cescoglobal.com\/index.php?rest_route=%2Fwp%2Fv2%2Fcomments&post=2672"}],"wp:featuredmedia":[{"embeddable":true,"href":"https:\/\/cescoglobal.com\/index.php?rest_route=\/wp\/v2\/media\/2673"}],"wp:attachment":[{"href":"https:\/\/cescoglobal.com\/index.php?rest_route=%2Fwp%2Fv2%2Fmedia&parent=2672"}],"wp:term":[{"taxonomy":"product_cat","embeddable":true,"href":"https:\/\/cescoglobal.com\/index.php?rest_route=%2Fwp%2Fv2%2Fproduct_cat&post=2672"},{"taxonomy":"product_tag","embeddable":true,"href":"https:\/\/cescoglobal.com\/index.php?rest_route=%2Fwp%2Fv2%2Fproduct_tag&post=2672"}],"curies":[{"name":"wp","href":"https:\/\/api.w.org\/{rel}","templated":true}]}}